{"id":4893,"date":"2025-11-05T16:43:40","date_gmt":"2025-11-05T16:43:40","guid":{"rendered":"https:\/\/cangujet.com\/?page_id=4893"},"modified":"2025-11-12T15:02:55","modified_gmt":"2025-11-12T15:02:55","slug":"footer-information-pt","status":"publish","type":"page","link":"https:\/\/cangujet.com\/index.php\/pt\/footer-information-pt\/","title":{"rendered":"Informa\u00e7\u00f5es e banco"},"content":{"rendered":"\t\t<div data-elementor-type=\"wp-post\" data-elementor-id=\"4893\" class=\"elementor elementor-4893\" data-elementor-post-type=\"page\">\n\t\t\t\t<div class=\"elementor-element elementor-element-3f57d2b e-flex e-con-boxed e-con e-parent\" data-id=\"3f57d2b\" data-element_type=\"container\" data-e-type=\"container\">\n\t\t\t\t\t<div class=\"e-con-inner\">\n\t\t\t\t<div class=\"elementor-element elementor-element-89f3c12 elementor-widget elementor-widget-button\" data-id=\"89f3c12\" data-element_type=\"widget\" data-e-type=\"widget\" data-widget_type=\"button.default\">\n\t\t\t\t\t\t\t\t\t\t<a class=\"elementor-button elementor-button-link elementor-size-sm\" href=\"https:\/\/cangujet.com\/\">\n\t\t\t\t\t\t<span class=\"elementor-button-content-wrapper\">\n\t\t\t\t\t\t\t\t\t<span class=\"elementor-button-text\">&lt; VOLTAR P\u00c1GINA INICIAL<\/span>\n\t\t\t\t\t<\/span>\n\t\t\t\t\t<\/a>\n\t\t\t\t\t\t\t\t<\/div>\n\t\t\t\t\t<\/div>\n\t\t\t\t<\/div>\n\t\t<div class=\"elementor-element elementor-element-f044d39 e-flex e-con-boxed e-con e-parent\" data-id=\"f044d39\" data-element_type=\"container\" data-e-type=\"container\">\n\t\t\t\t\t<div class=\"e-con-inner\">\n\t\t<div class=\"elementor-element elementor-element-a3b7d5f e-con-full e-flex e-con e-child\" data-id=\"a3b7d5f\" data-element_type=\"container\" data-e-type=\"container\">\n\t\t\t\t<div class=\"elementor-element elementor-element-a839f26 elementor-widget elementor-widget-text-editor\" data-id=\"a839f26\" data-element_type=\"widget\" data-e-type=\"widget\" data-widget_type=\"text-editor.default\">\n\t\t\t\t\t\t\t\t\t<p>A CanguJet \u00e9 uma marca pertencente \u00e0 Iberenlace LDA, uma empresa sediada em Portugal. Todas as plataformas digitais, aplica\u00e7\u00f5es e infraestruturas tecnol\u00f3gicas da CanguJet s\u00e3o desenvolvidas ou fornecidas pela Iberenlace LDA.<\/p>\t\t\t\t\t\t\t\t<\/div>\n\t\t\t\t<\/div>\n\t\t\t\t\t<\/div>\n\t\t\t\t<\/div>\n\t\t<div class=\"elementor-element elementor-element-2a0c628 e-grid e-con-full e-con e-parent\" data-id=\"2a0c628\" data-element_type=\"container\" data-e-type=\"container\">\n\t\t\t\t<div class=\"elementor-element elementor-element-41f5aaa elementor-widget elementor-widget-text-editor\" data-id=\"41f5aaa\" data-element_type=\"widget\" data-e-type=\"widget\" data-widget_type=\"text-editor.default\">\n\t\t\t\t\t\t\t\t\t<p><strong>Nome da Empresa:<\/strong><\/p>\t\t\t\t\t\t\t\t<\/div>\n\t\t\t\t<div class=\"elementor-element elementor-element-09cc240 elementor-widget elementor-widget-text-editor\" data-id=\"09cc240\" data-element_type=\"widget\" data-e-type=\"widget\" data-widget_type=\"text-editor.default\">\n\t\t\t\t\t\t\t\t\t<p>Iber Enlace LDA<\/p>\t\t\t\t\t\t\t\t<\/div>\n\t\t\t\t<div class=\"elementor-element elementor-element-92cf3e5 elementor-widget elementor-widget-text-editor\" data-id=\"92cf3e5\" data-element_type=\"widget\" data-e-type=\"widget\" data-widget_type=\"text-editor.default\">\n\t\t\t\t\t\t\t\t\t<p><strong>Endere\u00e7o<\/strong><\/p>\t\t\t\t\t\t\t\t<\/div>\n\t\t\t\t<div class=\"elementor-element elementor-element-e9dda3a elementor-widget elementor-widget-text-editor\" data-id=\"e9dda3a\" data-element_type=\"widget\" data-e-type=\"widget\" data-widget_type=\"text-editor.default\">\n\t\t\t\t\t\t\t\t\t<p>Cais do Sodr\u00e9 146, 1200-429 Lisboa<\/p>\t\t\t\t\t\t\t\t<\/div>\n\t\t\t\t<div class=\"elementor-element elementor-element-5d0f635 elementor-widget elementor-widget-text-editor\" data-id=\"5d0f635\" data-element_type=\"widget\" data-e-type=\"widget\" data-widget_type=\"text-editor.default\">\n\t\t\t\t\t\t\t\t\t<p><strong>NIF\/NICP:<\/strong><\/p>\t\t\t\t\t\t\t\t<\/div>\n\t\t\t\t<div class=\"elementor-element elementor-element-e600abb elementor-widget elementor-widget-text-editor\" data-id=\"e600abb\" data-element_type=\"widget\" data-e-type=\"widget\" data-widget_type=\"text-editor.default\">\n\t\t\t\t\t\t\t\t\t<p>518345432<\/p>\t\t\t\t\t\t\t\t<\/div>\n\t\t\t\t<div class=\"elementor-element elementor-element-f00db3c elementor-widget elementor-widget-text-editor\" data-id=\"f00db3c\" data-element_type=\"widget\" data-e-type=\"widget\" data-widget_type=\"text-editor.default\">\n\t\t\t\t\t\t\t\t\t<p><strong>Conta Banc\u00e1ria &#8211; Millenium (\u20ac)\u200b:<\/strong><\/p>\t\t\t\t\t\t\t\t<\/div>\n\t\t\t\t<div class=\"elementor-element elementor-element-ef51bf5 elementor-widget elementor-widget-text-editor\" data-id=\"ef51bf5\" data-element_type=\"widget\" data-e-type=\"widget\" data-widget_type=\"text-editor.default\">\n\t\t\t\t\t\t\t\t\t<p>PT50 0033 0000 4576 1015 1720\u00a05<\/p>\t\t\t\t\t\t\t\t<\/div>\n\t\t\t\t<\/div>\n\t\t<div class=\"elementor-element elementor-element-1a3a5ca e-flex e-con-boxed e-con e-parent\" data-id=\"1a3a5ca\" data-element_type=\"container\" data-e-type=\"container\">\n\t\t\t\t\t<div class=\"e-con-inner\">\n\t\t\t\t<div class=\"elementor-element elementor-element-3984b3b elementor-widget elementor-widget-text-editor\" data-id=\"3984b3b\" data-element_type=\"widget\" data-e-type=\"widget\" data-widget_type=\"text-editor.default\">\n\t\t\t\t\t\t\t\t\t<p>Para pagamentos em moedas diferentes, entre em contacto connosco. Ligue para o n\u00famero (+351) 967897125 para falar com o nosso departamento de contabilidade.<\/p>\t\t\t\t\t\t\t\t<\/div>\n\t\t\t\t\t<\/div>\n\t\t\t\t<\/div>\n\t\t\t\t<div class=\"elementor-section elementor-top-section elementor-element elementor-element-c46d5fa elementor-section-boxed elementor-section-height-default elementor-section-height-default\" data-id=\"c46d5fa\" data-element_type=\"section\" data-e-type=\"section\" data-settings=\"{&quot;background_background&quot;:&quot;classic&quot;}\">\n\t\t\t\t\t\t<div class=\"elementor-container elementor-column-gap-default\">\n\t\t\t\t\t<div class=\"elementor-column elementor-col-33 elementor-top-column elementor-element elementor-element-3fe98ca\" data-id=\"3fe98ca\" data-element_type=\"column\" data-e-type=\"column\">\n\t\t\t<div class=\"elementor-widget-wrap\">\n\t\t\t\t\t\t\t<\/div>\n\t\t<\/div>\n\t\t\t\t<div class=\"elementor-column elementor-col-33 elementor-top-column elementor-element elementor-element-b76754b\" data-id=\"b76754b\" data-element_type=\"column\" data-e-type=\"column\">\n\t\t\t<div class=\"elementor-widget-wrap elementor-element-populated\">\n\t\t\t\t\t\t<div class=\"elementor-element elementor-element-db1a537 elementor-widget elementor-widget-wp-widget-nav_menu\" data-id=\"db1a537\" data-element_type=\"widget\" data-e-type=\"widget\" data-widget_type=\"wp-widget-nav_menu.default\">\n\t\t\t\t<div class=\"elementor-widget-container\">\n\t\t\t\t\t<h5>Useful Links<\/h5><div class=\"menu-support-container\"><ul id=\"menu-support\" class=\"menu\"><li id=\"menu-item-3941\" class=\"menu-item menu-item-type-custom menu-item-object-custom menu-item-3941\"><a href=\"https:\/\/cangujet.com\/index.php\/faq\/\">FAQs<\/a><\/li>\n<li id=\"menu-item-4103\" class=\"menu-item menu-item-type-post_type menu-item-object-page current_page_parent menu-item-4103\"><a href=\"https:\/\/cangujet.com\/index.php\/blog\/\">Blog<\/a><\/li>\n<li id=\"menu-item-3944\" class=\"menu-item menu-item-type-custom menu-item-object-custom menu-item-3944\"><a href=\"https:\/\/cangujet.com\/index.php\/contact\/\">Contact Us<\/a><\/li>\n<li id=\"menu-item-4947\" class=\"menu-item menu-item-type-post_type menu-item-object-page menu-item-4947\"><a href=\"https:\/\/cangujet.com\/index.php\/footer-information\/\">Information &#038; Bank<\/a><\/li>\n<\/ul><\/div>\t\t\t\t<\/div>\n\t\t\t\t<\/div>\n\t\t\t\t\t<\/div>\n\t\t<\/div>\n\t\t\t\t<div class=\"elementor-column elementor-col-33 elementor-top-column elementor-element elementor-element-3e5ead5\" data-id=\"3e5ead5\" data-element_type=\"column\" data-e-type=\"column\">\n\t\t\t<div class=\"elementor-widget-wrap elementor-element-populated\">\n\t\t\t\t\t\t<div class=\"elementor-element elementor-element-2b9f02b elementor-widget elementor-widget-wp-widget-nav_menu\" data-id=\"2b9f02b\" data-element_type=\"widget\" data-e-type=\"widget\" data-widget_type=\"wp-widget-nav_menu.default\">\n\t\t\t\t<div class=\"elementor-widget-container\">\n\t\t\t\t\t<h5>Support<\/h5><div class=\"menu-useful-links-container\"><ul id=\"menu-useful-links\" class=\"menu\"><li id=\"menu-item-4108\" class=\"menu-item menu-item-type-post_type menu-item-object-page menu-item-4108\"><a href=\"https:\/\/cangujet.com\/index.php\/privacy-policy-2\/\">Privacy Policy<\/a><\/li>\n<li id=\"menu-item-4106\" class=\"menu-item menu-item-type-post_type menu-item-object-page menu-item-4106\"><a href=\"https:\/\/cangujet.com\/index.php\/terms-of-use-2\/\">Terms of Use<\/a><\/li>\n<li id=\"menu-item-4109\" class=\"menu-item menu-item-type-post_type menu-item-object-page menu-item-4109\"><a href=\"https:\/\/cangujet.com\/index.php\/requirements\/\">Requirements<\/a><\/li>\n<li id=\"menu-item-4937\" class=\"menu-item menu-item-type-post_type menu-item-object-page menu-item-4937\"><a href=\"https:\/\/cangujet.com\/index.php\/footer-information\/\">Information &#038; Bank<\/a><\/li>\n<\/ul><\/div>\t\t\t\t<\/div>\n\t\t\t\t<\/div>\n\t\t\t\t\t<\/div>\n\t\t<\/div>\n\t\t\t\t\t<\/div>\n\t\t<\/div>\n\t\t\t\t<\/div>\n\t\t","protected":false},"excerpt":{"rendered":"<p>< VOLTAR P\u00c1GINA INICIAL A CanguJet \u00e9 uma marca pertencente \u00e0 Iberenlace LDA, uma empresa sediada em Portugal. Todas as plataformas digitais, aplica\u00e7\u00f5es e infraestruturas tecnol\u00f3gicas da CanguJet s\u00e3o desenvolvidas ou fornecidas pela Iberenlace LDA. Nome da Empresa: Iber Enlace...\n<\/p>\n","protected":false},"author":1,"featured_media":0,"parent":0,"menu_order":0,"comment_status":"closed","ping_status":"closed","template":"elementor_header_footer","meta":{"footnotes":""},"class_list":["post-4893","page","type-page","status-publish","hentry"],"_links":{"self":[{"href":"https:\/\/cangujet.com\/index.php\/wp-json\/wp\/v2\/pages\/4893","targetHints":{"allow":["GET"]}}],"collection":[{"href":"https:\/\/cangujet.com\/index.php\/wp-json\/wp\/v2\/pages"}],"about":[{"href":"https:\/\/cangujet.com\/index.php\/wp-json\/wp\/v2\/types\/page"}],"author":[{"embeddable":true,"href":"https:\/\/cangujet.com\/index.php\/wp-json\/wp\/v2\/users\/1"}],"replies":[{"embeddable":true,"href":"https:\/\/cangujet.com\/index.php\/wp-json\/wp\/v2\/comments?post=4893"}],"version-history":[{"count":27,"href":"https:\/\/cangujet.com\/index.php\/wp-json\/wp\/v2\/pages\/4893\/revisions"}],"predecessor-version":[{"id":4959,"href":"https:\/\/cangujet.com\/index.php\/wp-json\/wp\/v2\/pages\/4893\/revisions\/4959"}],"wp:attachment":[{"href":"https:\/\/cangujet.com\/index.php\/wp-json\/wp\/v2\/media?parent=4893"}],"curies":[{"name":"wp","href":"https:\/\/api.w.org\/{rel}","templated":true}]}}