{"id":4171,"date":"2025-02-18T03:32:39","date_gmt":"2025-02-18T03:32:39","guid":{"rendered":"https:\/\/cangujet.com\/?page_id=4171"},"modified":"2025-03-20T17:33:12","modified_gmt":"2025-03-20T17:33:12","slug":"custom-web-site-pt","status":"publish","type":"page","link":"https:\/\/cangujet.com\/index.php\/pt\/custom-web-site-pt\/","title":{"rendered":"Custom Web Site PT"},"content":{"rendered":"\t\t<div data-elementor-type=\"wp-post\" data-elementor-id=\"4171\" class=\"elementor elementor-4171\" data-elementor-post-type=\"page\">\n\t\t\t\t\t\t<div class=\"elementor-section elementor-top-section elementor-element elementor-element-156d2133 elementor-section-full_width elementor-section-content-middle elementor-section-height-default elementor-section-height-default\" data-id=\"156d2133\" data-element_type=\"section\" data-e-type=\"section\">\n\t\t\t\t\t\t<div class=\"elementor-container elementor-column-gap-no\">\n\t\t\t\t\t<div class=\"elementor-column elementor-col-100 elementor-top-column elementor-element elementor-element-aaa5a80\" data-id=\"aaa5a80\" data-element_type=\"column\" data-e-type=\"column\">\n\t\t\t<div class=\"elementor-widget-wrap elementor-element-populated\">\n\t\t\t\t<div class=\"elementor-element elementor-element-5707357 e-flex e-con-boxed e-con e-parent\" data-id=\"5707357\" data-element_type=\"container\" data-e-type=\"container\">\n\t\t\t\t\t<div class=\"e-con-inner\">\n\t\t\t\t<div class=\"elementor-element elementor-element-8561d45 elementor-widget elementor-widget-button\" data-id=\"8561d45\" data-element_type=\"widget\" data-e-type=\"widget\" data-widget_type=\"button.default\">\n\t\t\t\t\t\t\t\t\t\t<a class=\"elementor-button elementor-button-link elementor-size-sm\" href=\"https:\/\/cangujet.com\/index.php\/pt\/home-pt\/\">\n\t\t\t\t\t\t<span class=\"elementor-button-content-wrapper\">\n\t\t\t\t\t\t\t\t\t<span class=\"elementor-button-text\">&lt; P\u00c1GINA INICIAL<\/span>\n\t\t\t\t\t<\/span>\n\t\t\t\t\t<\/a>\n\t\t\t\t\t\t\t\t<\/div>\n\t\t\t\t\t<\/div>\n\t\t\t\t<\/div>\n\t\t\t\t<div class=\"elementor-section elementor-inner-section elementor-element elementor-element-e09d4f1 elementor-section-content-middle elementor-section-boxed elementor-section-height-default elementor-section-height-default\" data-id=\"e09d4f1\" data-element_type=\"section\" data-e-type=\"section\" data-settings=\"{&quot;background_background&quot;:&quot;classic&quot;}\">\n\t\t\t\t\t\t<div class=\"elementor-container elementor-column-gap-no\">\n\t\t\t\t\t<div class=\"elementor-column elementor-col-50 elementor-inner-column elementor-element elementor-element-8806bc3\" data-id=\"8806bc3\" data-element_type=\"column\" data-e-type=\"column\">\n\t\t\t<div class=\"elementor-widget-wrap elementor-element-populated\">\n\t\t\t\t\t\t<div class=\"elementor-element elementor-element-73056f2 elementor-widget__width-initial elementor-invisible elementor-widget elementor-widget-text-editor\" data-id=\"73056f2\" data-element_type=\"widget\" data-e-type=\"widget\" data-settings=\"{&quot;_animation&quot;:&quot;fadeInLeft&quot;,&quot;_animation_delay&quot;:400}\" data-widget_type=\"text-editor.default\">\n\t\t\t\t\t\t\t\t\t<ul><li>Criamos um website profissional e intuitivo que reflete a identidade \u00fanica do seu restaurante.<\/li><li>J\u00e1 tem um website? Otimizamo-lo para um melhor desempenho, design e experi\u00eancia do utilizador.<\/li><li>Melhoramos tempos de carregamento, responsividade m\u00f3vel e funcionalidades atualizadas.<\/li><li>Configura\u00e7\u00e3o r\u00e1pida e f\u00e1cil!<\/li><\/ul>\t\t\t\t\t\t\t\t<\/div>\n\t\t\t\t\t<\/div>\n\t\t<\/div>\n\t\t\t\t<div class=\"elementor-column elementor-col-50 elementor-inner-column elementor-element elementor-element-8be7932\" data-id=\"8be7932\" data-element_type=\"column\" data-e-type=\"column\">\n\t\t\t<div class=\"elementor-widget-wrap elementor-element-populated\">\n\t\t\t\t\t\t<div class=\"elementor-element elementor-element-21f975b elementor-widget__width-initial elementor-invisible elementor-widget elementor-widget-image\" data-id=\"21f975b\" data-element_type=\"widget\" data-e-type=\"widget\" data-settings=\"{&quot;_animation&quot;:&quot;fadeInRight&quot;}\" data-widget_type=\"image.default\">\n\t\t\t\t\t\t\t\t\t\t\t\t\t\t\t<img fetchpriority=\"high\" decoding=\"async\" width=\"1347\" height=\"643\" src=\"https:\/\/cangujet.com\/wp-content\/uploads\/2025\/01\/Home-Mobile-v2.png\" class=\"attachment-full size-full wp-image-3184\" alt=\"\" srcset=\"https:\/\/cangujet.com\/wp-content\/uploads\/2025\/01\/Home-Mobile-v2.png 1347w, https:\/\/cangujet.com\/wp-content\/uploads\/2025\/01\/Home-Mobile-v2-300x143.png 300w, https:\/\/cangujet.com\/wp-content\/uploads\/2025\/01\/Home-Mobile-v2-1024x489.png 1024w, https:\/\/cangujet.com\/wp-content\/uploads\/2025\/01\/Home-Mobile-v2-768x367.png 768w\" sizes=\"(max-width: 1347px) 100vw, 1347px\" \/>\t\t\t\t\t\t\t\t\t\t\t\t\t\t\t<\/div>\n\t\t\t\t\t<\/div>\n\t\t<\/div>\n\t\t\t\t\t<\/div>\n\t\t<\/div>\n\t\t\t\t\t<\/div>\n\t\t<\/div>\n\t\t\t\t\t<\/div>\n\t\t<\/div>\n\t\t\t\t<div class=\"elementor-section elementor-top-section elementor-element elementor-element-7fc6233 elementor-section-boxed elementor-section-height-default elementor-section-height-default\" data-id=\"7fc6233\" data-element_type=\"section\" data-e-type=\"section\" data-settings=\"{&quot;background_background&quot;:&quot;classic&quot;}\">\n\t\t\t\t\t\t\t<div class=\"elementor-background-overlay\"><\/div>\n\t\t\t\t\t\t\t<div class=\"elementor-container elementor-column-gap-default\">\n\t\t\t\t\t<div class=\"elementor-column elementor-col-100 elementor-top-column elementor-element elementor-element-09b541f\" data-id=\"09b541f\" data-element_type=\"column\" data-e-type=\"column\">\n\t\t\t<div class=\"elementor-widget-wrap elementor-element-populated\">\n\t\t\t\t\t\t<div class=\"elementor-section elementor-inner-section elementor-element elementor-element-eb0f0b3 elementor-section-boxed elementor-section-height-default elementor-section-height-default\" data-id=\"eb0f0b3\" data-element_type=\"section\" data-e-type=\"section\">\n\t\t\t\t\t\t<div class=\"elementor-container elementor-column-gap-wide\">\n\t\t\t\t\t<div class=\"elementor-column elementor-col-33 elementor-inner-column elementor-element elementor-element-27e79d8\" data-id=\"27e79d8\" data-element_type=\"column\" data-e-type=\"column\">\n\t\t\t<div class=\"elementor-widget-wrap\">\n\t\t\t\t\t\t\t<\/div>\n\t\t<\/div>\n\t\t\t\t<div class=\"elementor-column elementor-col-33 elementor-inner-column elementor-element elementor-element-95c17a1\" data-id=\"95c17a1\" data-element_type=\"column\" data-e-type=\"column\">\n\t\t\t<div class=\"elementor-widget-wrap\">\n\t\t\t\t\t\t\t<\/div>\n\t\t<\/div>\n\t\t\t\t<div class=\"elementor-column elementor-col-33 elementor-inner-column elementor-element elementor-element-5c4606c\" data-id=\"5c4606c\" data-element_type=\"column\" data-e-type=\"column\">\n\t\t\t<div class=\"elementor-widget-wrap\">\n\t\t\t\t\t\t\t<\/div>\n\t\t<\/div>\n\t\t\t\t\t<\/div>\n\t\t<\/div>\n\t\t\t\t\t<\/div>\n\t\t<\/div>\n\t\t\t\t\t<\/div>\n\t\t<\/div>\n\t\t\t\t<div class=\"elementor-section elementor-top-section elementor-element elementor-element-6abb420 elementor-section-content-middle elementor-section-boxed elementor-section-height-default elementor-section-height-default\" data-id=\"6abb420\" data-element_type=\"section\" data-e-type=\"section\" data-settings=\"{&quot;background_background&quot;:&quot;classic&quot;}\">\n\t\t\t\t\t\t\t<div class=\"elementor-background-overlay\"><\/div>\n\t\t\t\t\t\t\t<div class=\"elementor-container elementor-column-gap-no\">\n\t\t\t\t\t<div class=\"elementor-column elementor-col-100 elementor-top-column elementor-element elementor-element-410a0f7\" data-id=\"410a0f7\" data-element_type=\"column\" data-e-type=\"column\">\n\t\t\t<div class=\"elementor-widget-wrap elementor-element-populated\">\n\t\t\t\t<div class=\"elementor-element elementor-element-0d3e584 e-flex e-con-boxed e-con e-parent\" data-id=\"0d3e584\" data-element_type=\"container\" data-e-type=\"container\">\n\t\t\t\t\t<div class=\"e-con-inner\">\n\t\t<div class=\"elementor-element elementor-element-6efe924 e-grid e-con-full e-con e-child\" data-id=\"6efe924\" data-element_type=\"container\" data-e-type=\"container\">\n\t\t\t\t<div class=\"elementor-element elementor-element-1b65b6f elementor-position-top elementor-widget elementor-widget-image-box\" data-id=\"1b65b6f\" data-element_type=\"widget\" data-e-type=\"widget\" data-widget_type=\"image-box.default\">\n\t\t\t\t\t<div class=\"elementor-image-box-wrapper\"><figure class=\"elementor-image-box-img\"><img decoding=\"async\" width=\"55\" height=\"50\" src=\"https:\/\/cangujet.com\/wp-content\/uploads\/2025\/01\/profile.svg\" class=\"attachment-full size-full wp-image-3292\" alt=\"\" \/><\/figure><div class=\"elementor-image-box-content\"><h3 class=\"elementor-image-box-title\">Personaliza\u00e7\u00e3o da Marca<\/h3><p class=\"elementor-image-box-description\">O seu website, adaptado \u00e0s suas cores, logotipo e estilo. O seu restaurante \u00e9 \u00fanico!<\/p><\/div><\/div>\t\t\t\t<\/div>\n\t\t\t\t<div class=\"elementor-element elementor-element-2d0944a elementor-position-top elementor-widget elementor-widget-image-box\" data-id=\"2d0944a\" data-element_type=\"widget\" data-e-type=\"widget\" data-widget_type=\"image-box.default\">\n\t\t\t\t\t<div class=\"elementor-image-box-wrapper\"><figure class=\"elementor-image-box-img\"><img decoding=\"async\" width=\"55\" height=\"50\" src=\"https:\/\/cangujet.com\/wp-content\/uploads\/2025\/01\/profile.svg\" class=\"attachment-full size-full wp-image-3292\" alt=\"\" \/><\/figure><div class=\"elementor-image-box-content\"><h3 class=\"elementor-image-box-title\">Ferramentas de Reserva<\/h3><p class=\"elementor-image-box-description\">Permita que os seus clientes fa\u00e7am reservas online diretamente no seu site, sem depender de terceiros. Aumente os seus lucros eliminando taxas de plataformas externas!<\/p><\/div><\/div>\t\t\t\t<\/div>\n\t\t\t\t<div class=\"elementor-element elementor-element-c89ce8a elementor-position-top elementor-widget elementor-widget-image-box\" data-id=\"c89ce8a\" data-element_type=\"widget\" data-e-type=\"widget\" data-widget_type=\"image-box.default\">\n\t\t\t\t\t<div class=\"elementor-image-box-wrapper\"><figure class=\"elementor-image-box-img\"><img decoding=\"async\" width=\"55\" height=\"50\" src=\"https:\/\/cangujet.com\/wp-content\/uploads\/2025\/01\/profile.svg\" class=\"attachment-full size-full wp-image-3292\" alt=\"\" \/><\/figure><div class=\"elementor-image-box-content\"><h3 class=\"elementor-image-box-title\">Relat\u00f3rios e Estat\u00edsticas<\/h3><p class=\"elementor-image-box-description\">Adaptamos um painel de an\u00e1lises para que possa acompanhar as prefer\u00eancias dos clientes.\nConsulte os ganhos de encomendas takeaway e reservas de mesa, al\u00e9m de outros fatores financeiros. Descubra de onde v\u00eam a maioria dos seus pedidos e ajuste a sua estrat\u00e9gia de crescimento com base em dados reais.\n<\/p><\/div><\/div>\t\t\t\t<\/div>\n\t\t\t\t<div class=\"elementor-element elementor-element-e126d92 elementor-position-top elementor-widget elementor-widget-image-box\" data-id=\"e126d92\" data-element_type=\"widget\" data-e-type=\"widget\" data-widget_type=\"image-box.default\">\n\t\t\t\t\t<div class=\"elementor-image-box-wrapper\"><figure class=\"elementor-image-box-img\"><img decoding=\"async\" width=\"50\" height=\"50\" src=\"https:\/\/cangujet.com\/wp-content\/uploads\/2025\/01\/order-history.svg\" class=\"attachment-full size-full wp-image-3290\" alt=\"\" \/><\/figure><div class=\"elementor-image-box-content\"><h3 class=\"elementor-image-box-title\">Restaurantes com M\u00faltiplas Localiza\u00e7\u00f5es &amp; Franquias<\/h3><p class=\"elementor-image-box-description\">Tem v\u00e1rias filiais? Adaptamos um sistema centralizado para gerir todas as suas localiza\u00e7\u00f5es.\nAdministre todas as vari\u00e1veis do seu neg\u00f3cio num s\u00f3 local.\nOs clientes podem escolher o restaurante mais pr\u00f3ximo, reduzindo o tempo de entrega e melhorando a experi\u00eancia.\n<\/p><\/div><\/div>\t\t\t\t<\/div>\n\t\t\t\t<\/div>\n\t\t\t\t\t<\/div>\n\t\t\t\t<\/div>\n\t\t\t\t\t<\/div>\n\t\t<\/div>\n\t\t\t\t\t<\/div>\n\t\t<\/div>\n\t\t\t\t<div class=\"elementor-section elementor-top-section elementor-element elementor-element-ce485c2 elementor-section-content-middle elementor-section-boxed elementor-section-height-default elementor-section-height-default\" data-id=\"ce485c2\" data-element_type=\"section\" data-e-type=\"section\" data-settings=\"{&quot;background_background&quot;:&quot;classic&quot;}\">\n\t\t\t\t\t\t<div class=\"elementor-container elementor-column-gap-no\">\n\t\t\t\t\t<div class=\"elementor-column elementor-col-100 elementor-top-column elementor-element elementor-element-f4b6141\" data-id=\"f4b6141\" data-element_type=\"column\" data-e-type=\"column\">\n\t\t\t<div class=\"elementor-widget-wrap elementor-element-populated\">\n\t\t\t\t\t\t<div class=\"elementor-section elementor-inner-section elementor-element elementor-element-377fa61 elementor-section-content-middle elementor-section-boxed elementor-section-height-default elementor-section-height-default\" data-id=\"377fa61\" data-element_type=\"section\" data-e-type=\"section\" data-settings=\"{&quot;background_background&quot;:&quot;classic&quot;}\">\n\t\t\t\t\t\t\t<div class=\"elementor-background-overlay\"><\/div>\n\t\t\t\t\t\t\t<div class=\"elementor-container elementor-column-gap-default\">\n\t\t\t\t\t<div class=\"elementor-column elementor-col-50 elementor-inner-column elementor-element elementor-element-8e91189\" data-id=\"8e91189\" data-element_type=\"column\" data-e-type=\"column\" data-settings=\"{&quot;background_background&quot;:&quot;classic&quot;}\">\n\t\t\t<div class=\"elementor-widget-wrap elementor-element-populated\">\n\t\t\t\t\t\t<div class=\"elementor-element elementor-element-dad6a1d elementor-invisible elementor-widget elementor-widget-text-editor\" data-id=\"dad6a1d\" data-element_type=\"widget\" data-e-type=\"widget\" data-settings=\"{&quot;_animation&quot;:&quot;fadeInLeft&quot;,&quot;_animation_delay&quot;:400}\" data-widget_type=\"text-editor.default\">\n\t\t\t\t\t\t\t\t\t<p>Facilite os pagamentos para os seus clientes! Deixe que paguem com o m\u00e9todo que preferirem, e n\u00f3s tratamos do resto.<\/p><p>A plataforma integra-se com sistemas POS e m\u00e9todos de pagamento j\u00e1 existentes, centralizando todas as opera\u00e7\u00f5es num \u00fanico interface f\u00e1cil de usar.<br \/>Poupe tempo e reduza erros, simplificando os processos operacionais.<\/p><p>Os pagamentos s\u00e3o transferidos diretamente para a sua conta banc\u00e1ria.<\/p><p>Apple Pay dispon\u00edvel!<\/p>\t\t\t\t\t\t\t\t<\/div>\n\t\t\t\t\t<\/div>\n\t\t<\/div>\n\t\t\t\t<div class=\"elementor-column elementor-col-50 elementor-inner-column elementor-element elementor-element-57f6306\" data-id=\"57f6306\" data-element_type=\"column\" data-e-type=\"column\">\n\t\t\t<div class=\"elementor-widget-wrap elementor-element-populated\">\n\t\t\t\t\t\t<div class=\"elementor-element elementor-element-99249e2 elementor-widget__width-initial elementor-invisible elementor-widget elementor-widget-image\" data-id=\"99249e2\" data-element_type=\"widget\" data-e-type=\"widget\" data-settings=\"{&quot;_animation&quot;:&quot;fadeInRight&quot;,&quot;_animation_delay&quot;:300}\" data-widget_type=\"image.default\">\n\t\t\t\t\t\t\t\t\t\t\t\t\t\t\t<img loading=\"lazy\" decoding=\"async\" width=\"640\" height=\"361\" src=\"https:\/\/cangujet.com\/wp-content\/uploads\/2025\/02\/Online-Ordering-Website-Payment-Parners-1024x578.png\" class=\"attachment-large size-large wp-image-3989\" alt=\"\" srcset=\"https:\/\/cangujet.com\/wp-content\/uploads\/2025\/02\/Online-Ordering-Website-Payment-Parners-1024x578.png 1024w, https:\/\/cangujet.com\/wp-content\/uploads\/2025\/02\/Online-Ordering-Website-Payment-Parners-300x169.png 300w, https:\/\/cangujet.com\/wp-content\/uploads\/2025\/02\/Online-Ordering-Website-Payment-Parners-768x434.png 768w, https:\/\/cangujet.com\/wp-content\/uploads\/2025\/02\/Online-Ordering-Website-Payment-Parners.png 1282w\" sizes=\"(max-width: 640px) 100vw, 640px\" \/>\t\t\t\t\t\t\t\t\t\t\t\t\t\t\t<\/div>\n\t\t\t\t\t<\/div>\n\t\t<\/div>\n\t\t\t\t\t<\/div>\n\t\t<\/div>\n\t\t\t\t\t<\/div>\n\t\t<\/div>\n\t\t\t\t\t<\/div>\n\t\t<\/div>\n\t\t\t\t<div class=\"elementor-section elementor-top-section elementor-element elementor-element-9b738d5 elementor-section-boxed elementor-section-height-default elementor-section-height-default\" data-id=\"9b738d5\" data-element_type=\"section\" data-e-type=\"section\" data-settings=\"{&quot;background_background&quot;:&quot;classic&quot;}\">\n\t\t\t\t\t\t<div class=\"elementor-container elementor-column-gap-default\">\n\t\t\t\t\t<div class=\"elementor-column elementor-col-33 elementor-top-column elementor-element elementor-element-79a3f9c\" data-id=\"79a3f9c\" data-element_type=\"column\" data-e-type=\"column\">\n\t\t\t<div class=\"elementor-widget-wrap\">\n\t\t\t\t\t\t\t<\/div>\n\t\t<\/div>\n\t\t\t\t<div class=\"elementor-column elementor-col-33 elementor-top-column elementor-element elementor-element-8210142\" data-id=\"8210142\" data-element_type=\"column\" data-e-type=\"column\">\n\t\t\t<div class=\"elementor-widget-wrap elementor-element-populated\">\n\t\t\t\t\t\t<div class=\"elementor-element elementor-element-d4252d7 elementor-widget elementor-widget-wp-widget-nav_menu\" data-id=\"d4252d7\" data-element_type=\"widget\" data-e-type=\"widget\" data-widget_type=\"wp-widget-nav_menu.default\">\n\t\t\t\t<div class=\"elementor-widget-container\">\n\t\t\t\t\t<h5>Links \u00fateis<\/h5><div class=\"menu-links-uteis-container\"><ul id=\"menu-links-uteis\" class=\"menu\"><li id=\"menu-item-4447\" class=\"menu-item menu-item-type-custom menu-item-object-custom menu-item-4447\"><a href=\"https:\/\/cangujet.com\/index.php\/pt\/faq-pt\/\">FAQs<\/a><\/li>\n<li id=\"menu-item-4448\" class=\"menu-item menu-item-type-custom menu-item-object-custom menu-item-4448\"><a href=\"https:\/\/cangujet.com\/index.php\/pt\/blogue\/\">Blogue<\/a><\/li>\n<li id=\"menu-item-4449\" class=\"menu-item menu-item-type-custom menu-item-object-custom menu-item-4449\"><a href=\"https:\/\/cangujet.com\/index.php\/contact\/\">Fale Conosco<\/a><\/li>\n<li id=\"menu-item-4931\" class=\"menu-item menu-item-type-post_type menu-item-object-page menu-item-4931\"><a href=\"https:\/\/cangujet.com\/index.php\/pt\/footer-information-pt\/\">Informa\u00e7\u00f5es e banco<\/a><\/li>\n<\/ul><\/div>\t\t\t\t<\/div>\n\t\t\t\t<\/div>\n\t\t\t\t\t<\/div>\n\t\t<\/div>\n\t\t\t\t<div class=\"elementor-column elementor-col-33 elementor-top-column elementor-element elementor-element-eefe975\" data-id=\"eefe975\" data-element_type=\"column\" data-e-type=\"column\">\n\t\t\t<div class=\"elementor-widget-wrap elementor-element-populated\">\n\t\t\t\t\t\t<div class=\"elementor-element elementor-element-8013a1f elementor-widget elementor-widget-wp-widget-nav_menu\" data-id=\"8013a1f\" data-element_type=\"widget\" data-e-type=\"widget\" data-widget_type=\"wp-widget-nav_menu.default\">\n\t\t\t\t<div class=\"elementor-widget-container\">\n\t\t\t\t\t<h5>Suporte<\/h5><div class=\"menu-suporte-container\"><ul id=\"menu-suporte\" class=\"menu\"><li id=\"menu-item-4442\" class=\"menu-item menu-item-type-custom menu-item-object-custom menu-item-4442\"><a href=\"https:\/\/cangujet.com\/index.php\/privacy-policy-2\/\">Pol\u00edtica de Privacidade<\/a><\/li>\n<li id=\"menu-item-4443\" class=\"menu-item menu-item-type-custom menu-item-object-custom menu-item-4443\"><a href=\"https:\/\/cangujet.com\/index.php\/terms-of-use-2\">Termos de\u00a0Uso<\/a><\/li>\n<li id=\"menu-item-4444\" class=\"menu-item menu-item-type-custom menu-item-object-custom menu-item-4444\"><a href=\"https:\/\/cangujet.com\/index.php\/requirements\/\">Requisitos<\/a><\/li>\n<li id=\"menu-item-4949\" class=\"menu-item menu-item-type-post_type menu-item-object-page menu-item-4949\"><a href=\"https:\/\/cangujet.com\/index.php\/pt\/footer-information-pt\/\">Informa\u00e7\u00f5es e banco<\/a><\/li>\n<\/ul><\/div>\t\t\t\t<\/div>\n\t\t\t\t<\/div>\n\t\t\t\t\t<\/div>\n\t\t<\/div>\n\t\t\t\t\t<\/div>\n\t\t<\/div>\n\t\t\t\t<\/div>\n\t\t","protected":false},"excerpt":{"rendered":"<p>< P\u00c1GINA INICIAL Website Personalizado \u2013 Criado para o Seu Restaurante Transforme a sua presen\u00e7a online hoje mesmo! Criamos um website profissional e intuitivo que reflete a identidade \u00fanica do seu restaurante. J\u00e1 tem um website? Otimizamo-lo para um melhor...\n<\/p>\n","protected":false},"author":1,"featured_media":0,"parent":0,"menu_order":0,"comment_status":"closed","ping_status":"closed","template":"elementor_header_footer","meta":{"footnotes":""},"class_list":["post-4171","page","type-page","status-publish","hentry"],"_links":{"self":[{"href":"https:\/\/cangujet.com\/index.php\/wp-json\/wp\/v2\/pages\/4171","targetHints":{"allow":["GET"]}}],"collection":[{"href":"https:\/\/cangujet.com\/index.php\/wp-json\/wp\/v2\/pages"}],"about":[{"href":"https:\/\/cangujet.com\/index.php\/wp-json\/wp\/v2\/types\/page"}],"author":[{"embeddable":true,"href":"https:\/\/cangujet.com\/index.php\/wp-json\/wp\/v2\/users\/1"}],"replies":[{"embeddable":true,"href":"https:\/\/cangujet.com\/index.php\/wp-json\/wp\/v2\/comments?post=4171"}],"version-history":[{"count":17,"href":"https:\/\/cangujet.com\/index.php\/wp-json\/wp\/v2\/pages\/4171\/revisions"}],"predecessor-version":[{"id":4489,"href":"https:\/\/cangujet.com\/index.php\/wp-json\/wp\/v2\/pages\/4171\/revisions\/4489"}],"wp:attachment":[{"href":"https:\/\/cangujet.com\/index.php\/wp-json\/wp\/v2\/media?parent=4171"}],"curies":[{"name":"wp","href":"https:\/\/api.w.org\/{rel}","templated":true}]}}