{"id":3997,"date":"2025-02-17T17:25:40","date_gmt":"2025-02-17T17:25:40","guid":{"rendered":"https:\/\/cangujet.com\/?page_id=3997"},"modified":"2025-03-20T17:35:15","modified_gmt":"2025-03-20T17:35:15","slug":"custom-mobile-app-pt","status":"publish","type":"page","link":"https:\/\/cangujet.com\/index.php\/pt\/custom-mobile-app-pt\/","title":{"rendered":"Custom Mobile App PT"},"content":{"rendered":"\t\t<div data-elementor-type=\"wp-post\" data-elementor-id=\"3997\" class=\"elementor elementor-3997\" data-elementor-post-type=\"page\">\n\t\t\t\t<div class=\"elementor-element elementor-element-e61ff5e e-flex e-con-boxed e-con e-parent\" data-id=\"e61ff5e\" data-element_type=\"container\" data-e-type=\"container\">\n\t\t\t\t\t<div class=\"e-con-inner\">\n\t\t\t\t<div class=\"elementor-element elementor-element-e3abae9 elementor-widget elementor-widget-button\" data-id=\"e3abae9\" data-element_type=\"widget\" data-e-type=\"widget\" data-widget_type=\"button.default\">\n\t\t\t\t\t\t\t\t\t\t<a class=\"elementor-button elementor-button-link elementor-size-sm\" href=\"https:\/\/cangujet.com\/index.php\/pt\/home-pt\/\">\n\t\t\t\t\t\t<span class=\"elementor-button-content-wrapper\">\n\t\t\t\t\t\t\t\t\t<span class=\"elementor-button-text\">&lt; P\u00c1GINA INICIAL<\/span>\n\t\t\t\t\t<\/span>\n\t\t\t\t\t<\/a>\n\t\t\t\t\t\t\t\t<\/div>\n\t\t\t\t\t<\/div>\n\t\t\t\t<\/div>\n\t\t\t\t<div class=\"elementor-section elementor-top-section elementor-element elementor-element-5eb1d004 elementor-section-full_width elementor-section-content-middle elementor-section-height-default elementor-section-height-default\" data-id=\"5eb1d004\" data-element_type=\"section\" data-e-type=\"section\">\n\t\t\t\t\t\t<div class=\"elementor-container elementor-column-gap-no\">\n\t\t\t\t\t<div class=\"elementor-column elementor-col-100 elementor-top-column elementor-element elementor-element-176c4313\" data-id=\"176c4313\" data-element_type=\"column\" data-e-type=\"column\">\n\t\t\t<div class=\"elementor-widget-wrap elementor-element-populated\">\n\t\t\t\t\t\t<div class=\"elementor-section elementor-inner-section elementor-element elementor-element-8e83fc9 elementor-section-content-middle elementor-section-boxed elementor-section-height-default elementor-section-height-default\" data-id=\"8e83fc9\" data-element_type=\"section\" data-e-type=\"section\" data-settings=\"{&quot;background_background&quot;:&quot;classic&quot;}\">\n\t\t\t\t\t\t<div class=\"elementor-container elementor-column-gap-no\">\n\t\t\t\t\t<div class=\"elementor-column elementor-col-50 elementor-inner-column elementor-element elementor-element-97ff2d6\" data-id=\"97ff2d6\" data-element_type=\"column\" data-e-type=\"column\">\n\t\t\t<div class=\"elementor-widget-wrap elementor-element-populated\">\n\t\t\t\t\t\t<div class=\"elementor-element elementor-element-930e103 elementor-widget__width-initial elementor-invisible elementor-widget elementor-widget-text-editor\" data-id=\"930e103\" data-element_type=\"widget\" data-e-type=\"widget\" data-settings=\"{&quot;_animation&quot;:&quot;fadeInLeft&quot;,&quot;_animation_delay&quot;:400}\" data-widget_type=\"text-editor.default\">\n\t\t\t\t\t\t\t\t\t<p>Receba e administre pedidos de mesa e takeaway sem complica\u00e7\u00f5es! Est\u00e1 na altura de eliminar as taxas de terceiros\u2014deixe que os clientes fa\u00e7am os pedidos diretamente consigo!<\/p><p>Com a sua pr\u00f3pria aplica\u00e7\u00e3o m\u00f3vel personalizada, ter\u00e1 a ferramenta definitiva para aumentar as suas vendas de takeaway em 30% com um sistema de encomendas intuitivo.<\/p><p>Atrav\u00e9s da sua app, os clientes sabem que est\u00e3o a encomendar diretamente ao seu restaurante\u2014sem intermedi\u00e1rios. Isto mudar\u00e1 o jogo!<\/p>\t\t\t\t\t\t\t\t<\/div>\n\t\t\t\t\t<\/div>\n\t\t<\/div>\n\t\t\t\t<div class=\"elementor-column elementor-col-50 elementor-inner-column elementor-element elementor-element-3d09124\" data-id=\"3d09124\" data-element_type=\"column\" data-e-type=\"column\">\n\t\t\t<div class=\"elementor-widget-wrap elementor-element-populated\">\n\t\t\t\t\t\t<div class=\"elementor-element elementor-element-5cecd3b elementor-widget__width-initial elementor-invisible elementor-widget elementor-widget-image\" data-id=\"5cecd3b\" data-element_type=\"widget\" data-e-type=\"widget\" data-settings=\"{&quot;_animation&quot;:&quot;fadeInRight&quot;}\" data-widget_type=\"image.default\">\n\t\t\t\t\t\t\t\t\t\t\t\t\t\t\t<img fetchpriority=\"high\" decoding=\"async\" width=\"332\" height=\"670\" src=\"https:\/\/cangujet.com\/wp-content\/uploads\/2025\/01\/food_delivery_app_mockup_2.png\" class=\"attachment-full size-full wp-image-3170\" alt=\"\" srcset=\"https:\/\/cangujet.com\/wp-content\/uploads\/2025\/01\/food_delivery_app_mockup_2.png 332w, https:\/\/cangujet.com\/wp-content\/uploads\/2025\/01\/food_delivery_app_mockup_2-149x300.png 149w\" sizes=\"(max-width: 332px) 100vw, 332px\" \/>\t\t\t\t\t\t\t\t\t\t\t\t\t\t\t<\/div>\n\t\t\t\t\t<\/div>\n\t\t<\/div>\n\t\t\t\t\t<\/div>\n\t\t<\/div>\n\t\t\t\t\t<\/div>\n\t\t<\/div>\n\t\t\t\t\t<\/div>\n\t\t<\/div>\n\t\t\t\t<div class=\"elementor-section elementor-top-section elementor-element elementor-element-4524184 elementor-section-boxed elementor-section-height-default elementor-section-height-default\" data-id=\"4524184\" data-element_type=\"section\" data-e-type=\"section\" data-settings=\"{&quot;background_background&quot;:&quot;classic&quot;}\">\n\t\t\t\t\t\t\t<div class=\"elementor-background-overlay\"><\/div>\n\t\t\t\t\t\t\t<div class=\"elementor-container elementor-column-gap-default\">\n\t\t\t\t\t<div class=\"elementor-column elementor-col-100 elementor-top-column elementor-element elementor-element-501bc99\" data-id=\"501bc99\" data-element_type=\"column\" data-e-type=\"column\">\n\t\t\t<div class=\"elementor-widget-wrap elementor-element-populated\">\n\t\t\t\t\t\t<div class=\"elementor-section elementor-inner-section elementor-element elementor-element-ffbad7d elementor-section-boxed elementor-section-height-default elementor-section-height-default\" data-id=\"ffbad7d\" data-element_type=\"section\" data-e-type=\"section\">\n\t\t\t\t\t\t<div class=\"elementor-container elementor-column-gap-wide\">\n\t\t\t\t\t<div class=\"elementor-column elementor-col-33 elementor-inner-column elementor-element elementor-element-4707fde\" data-id=\"4707fde\" data-element_type=\"column\" data-e-type=\"column\">\n\t\t\t<div class=\"elementor-widget-wrap\">\n\t\t\t\t\t\t\t<\/div>\n\t\t<\/div>\n\t\t\t\t<div class=\"elementor-column elementor-col-33 elementor-inner-column elementor-element elementor-element-a3b237b\" data-id=\"a3b237b\" data-element_type=\"column\" data-e-type=\"column\">\n\t\t\t<div class=\"elementor-widget-wrap\">\n\t\t\t\t\t\t\t<\/div>\n\t\t<\/div>\n\t\t\t\t<div class=\"elementor-column elementor-col-33 elementor-inner-column elementor-element elementor-element-46d4859\" data-id=\"46d4859\" data-element_type=\"column\" data-e-type=\"column\">\n\t\t\t<div class=\"elementor-widget-wrap\">\n\t\t\t\t\t\t\t<\/div>\n\t\t<\/div>\n\t\t\t\t\t<\/div>\n\t\t<\/div>\n\t\t\t\t\t<\/div>\n\t\t<\/div>\n\t\t\t\t\t<\/div>\n\t\t<\/div>\n\t\t\t\t<div class=\"elementor-section elementor-top-section elementor-element elementor-element-f0e7456 elementor-section-content-middle elementor-section-boxed elementor-section-height-default elementor-section-height-default\" data-id=\"f0e7456\" data-element_type=\"section\" data-e-type=\"section\" id=\"why_xooapp\" data-settings=\"{&quot;background_background&quot;:&quot;classic&quot;}\">\n\t\t\t\t\t\t\t<div class=\"elementor-background-overlay\"><\/div>\n\t\t\t\t\t\t\t<div class=\"elementor-container elementor-column-gap-no\">\n\t\t\t\t\t<div class=\"elementor-column elementor-col-100 elementor-top-column elementor-element elementor-element-31bc504\" data-id=\"31bc504\" data-element_type=\"column\" data-e-type=\"column\">\n\t\t\t<div class=\"elementor-widget-wrap elementor-element-populated\">\n\t\t\t\t<div class=\"elementor-element elementor-element-d7743b2 e-flex e-con-boxed e-con e-parent\" data-id=\"d7743b2\" data-element_type=\"container\" data-e-type=\"container\">\n\t\t\t\t\t<div class=\"e-con-inner\">\n\t\t<div class=\"elementor-element elementor-element-33e9d95 e-grid e-con-full e-con e-child\" data-id=\"33e9d95\" data-element_type=\"container\" data-e-type=\"container\">\n\t\t\t\t<div class=\"elementor-element elementor-element-e3d484b elementor-position-top elementor-widget elementor-widget-image-box\" data-id=\"e3d484b\" data-element_type=\"widget\" data-e-type=\"widget\" data-widget_type=\"image-box.default\">\n\t\t\t\t\t<div class=\"elementor-image-box-wrapper\"><figure class=\"elementor-image-box-img\"><img decoding=\"async\" width=\"55\" height=\"50\" src=\"https:\/\/cangujet.com\/wp-content\/uploads\/2025\/01\/profile.svg\" class=\"attachment-full size-full wp-image-3292\" alt=\"\" \/><\/figure><div class=\"elementor-image-box-content\"><h3 class=\"elementor-image-box-title\">Personalize a Sua App<\/h3><p class=\"elementor-image-box-description\">Destaque-se da concorr\u00eancia com uma aplica\u00e7\u00e3o totalmente personaliz\u00e1vel, criada exclusivamente para o seu restaurante. Reforce a identidade da sua marca com um design \u00e0 medida e tecnologia de ponta!<\/p><\/div><\/div>\t\t\t\t<\/div>\n\t\t\t\t<div class=\"elementor-element elementor-element-6e6b229 elementor-position-top elementor-widget elementor-widget-image-box\" data-id=\"6e6b229\" data-element_type=\"widget\" data-e-type=\"widget\" data-widget_type=\"image-box.default\">\n\t\t\t\t\t<div class=\"elementor-image-box-wrapper\"><figure class=\"elementor-image-box-img\"><img decoding=\"async\" width=\"50\" height=\"50\" src=\"https:\/\/cangujet.com\/wp-content\/uploads\/2025\/01\/order-history.svg\" class=\"attachment-full size-full wp-image-3290\" alt=\"\" \/><\/figure><div class=\"elementor-image-box-content\"><h3 class=\"elementor-image-box-title\">Pr\u00e9-Encomendas<\/h3><p class=\"elementor-image-box-description\">Sabemos que a gest\u00e3o de um restaurante pode ser desafiadora. \u00c9 por isso que torn\u00e1mos mais f\u00e1cil para si receber encomendas com anteced\u00eancia, mesmo fora do hor\u00e1rio de funcionamento.\nAlcance mais clientes e permita que fa\u00e7am pedidos de forma conveniente atrav\u00e9s da sua nova app!\n<\/p><\/div><\/div>\t\t\t\t<\/div>\n\t\t\t\t<div class=\"elementor-element elementor-element-05b9db4 elementor-position-top elementor-widget elementor-widget-image-box\" data-id=\"05b9db4\" data-element_type=\"widget\" data-e-type=\"widget\" data-widget_type=\"image-box.default\">\n\t\t\t\t\t<div class=\"elementor-image-box-wrapper\"><figure class=\"elementor-image-box-img\"><img loading=\"lazy\" decoding=\"async\" width=\"43\" height=\"50\" src=\"https:\/\/cangujet.com\/wp-content\/uploads\/2025\/01\/order-tracking.svg\" class=\"attachment-full size-full wp-image-3291\" alt=\"\" \/><\/figure><div class=\"elementor-image-box-content\"><h3 class=\"elementor-image-box-title\">Pin de Endere\u00e7o<\/h3><p class=\"elementor-image-box-description\">Cri\u00e1mos um pin de mapa que permite aos clientes arrast\u00e1-lo para a sua localiza\u00e7\u00e3o exata.\nOs seus clientes podem estar em qualquer lugar e, ainda assim, receber os pedidos a tempo com a sua aplica\u00e7\u00e3o de encomendas m\u00f3veis!\n<\/p><\/div><\/div>\t\t\t\t<\/div>\n\t\t\t\t<div class=\"elementor-element elementor-element-81d9d23 elementor-position-top elementor-widget elementor-widget-image-box\" data-id=\"81d9d23\" data-element_type=\"widget\" data-e-type=\"widget\" data-widget_type=\"image-box.default\">\n\t\t\t\t\t<div class=\"elementor-image-box-wrapper\"><figure class=\"elementor-image-box-img\"><img loading=\"lazy\" decoding=\"async\" width=\"50\" height=\"50\" src=\"https:\/\/cangujet.com\/wp-content\/uploads\/2025\/01\/compass.svg\" class=\"attachment-full size-full wp-image-3278\" alt=\"\" \/><\/figure><div class=\"elementor-image-box-content\"><h3 class=\"elementor-image-box-title\">Preenchimento Autom\u00e1tico de Endere\u00e7o<\/h3><p class=\"elementor-image-box-description\">A sua aplica\u00e7\u00e3o m\u00f3vel permite que os clientes fa\u00e7am pedidos com m\u00ednimo tempo e esfor\u00e7o, preenchendo automaticamente a sua localiza\u00e7\u00e3o e guardando as informa\u00e7\u00f5es na base de dados de clientes.\n<\/p><\/div><\/div>\t\t\t\t<\/div>\n\t\t\t\t<div class=\"elementor-element elementor-element-d1e5c70 elementor-position-top elementor-widget elementor-widget-image-box\" data-id=\"d1e5c70\" data-element_type=\"widget\" data-e-type=\"widget\" data-widget_type=\"image-box.default\">\n\t\t\t\t\t<div class=\"elementor-image-box-wrapper\"><figure class=\"elementor-image-box-img\"><img loading=\"lazy\" decoding=\"async\" width=\"50\" height=\"50\" src=\"https:\/\/cangujet.com\/wp-content\/uploads\/2025\/01\/discount-ticket.svg\" class=\"attachment-full size-full wp-image-3283\" alt=\"\" \/><\/figure><div class=\"elementor-image-box-content\"><h3 class=\"elementor-image-box-title\">Sistemas de Fideliza\u00e7\u00e3o e Recompensas<\/h3><p class=\"elementor-image-box-description\">Como propriet\u00e1rio, sabe como \u00e9 importante recompensar os clientes.\nOfere\u00e7a descontos exclusivos e op\u00e7\u00f5es de recompensas para clientes novos e habituais, incentivando-os a encomendar diretamente do seu restaurante.\nRecompense clientes frequentes com pontos, descontos ou ofertas especiais.\nTraga de volta clientes inativos com campanhas segmentadas!\n\n\n<\/p><\/div><\/div>\t\t\t\t<\/div>\n\t\t\t\t<div class=\"elementor-element elementor-element-180ddd8 elementor-position-top elementor-widget elementor-widget-image-box\" data-id=\"180ddd8\" data-element_type=\"widget\" data-e-type=\"widget\" data-widget_type=\"image-box.default\">\n\t\t\t\t\t<div class=\"elementor-image-box-wrapper\"><figure class=\"elementor-image-box-img\"><img loading=\"lazy\" decoding=\"async\" width=\"50\" height=\"50\" src=\"https:\/\/cangujet.com\/wp-content\/uploads\/2025\/01\/notification.svg\" class=\"attachment-full size-full wp-image-3288\" alt=\"\" \/><\/figure><div class=\"elementor-image-box-content\"><h3 class=\"elementor-image-box-title\">Notifica\u00e7\u00f5es Push para Aplica\u00e7\u00f5es M\u00f3veis<\/h3><p class=\"elementor-image-box-description\">As notifica\u00e7\u00f5es em tempo real s\u00e3o a melhor forma de manter os seus clientes informados e garantir que est\u00e3o sempre a par das novidades do seu restaurante. Seja uma promo\u00e7\u00e3o, um cup\u00e3o de desconto ou uma atualiza\u00e7\u00e3o geral, os alertas instant\u00e2neos ajudam-no a promover as suas encomendas online e a aumentar o envolvimento dos clientes.\n<\/p><\/div><\/div>\t\t\t\t<\/div>\n\t\t\t\t<\/div>\n\t\t\t\t\t<\/div>\n\t\t\t\t<\/div>\n\t\t\t\t\t<\/div>\n\t\t<\/div>\n\t\t\t\t\t<\/div>\n\t\t<\/div>\n\t\t\t\t<div class=\"elementor-section elementor-top-section elementor-element elementor-element-02b4310 elementor-section-content-middle elementor-section-boxed elementor-section-height-default elementor-section-height-default\" data-id=\"02b4310\" data-element_type=\"section\" data-e-type=\"section\" data-settings=\"{&quot;background_background&quot;:&quot;classic&quot;}\">\n\t\t\t\t\t\t<div class=\"elementor-container elementor-column-gap-no\">\n\t\t\t\t\t<div class=\"elementor-column elementor-col-100 elementor-top-column elementor-element elementor-element-4d7b717\" data-id=\"4d7b717\" data-element_type=\"column\" data-e-type=\"column\">\n\t\t\t<div class=\"elementor-widget-wrap elementor-element-populated\">\n\t\t\t\t\t\t<div class=\"elementor-section elementor-inner-section elementor-element elementor-element-eb46bf4 elementor-section-content-middle elementor-section-boxed elementor-section-height-default elementor-section-height-default\" data-id=\"eb46bf4\" data-element_type=\"section\" data-e-type=\"section\" data-settings=\"{&quot;background_background&quot;:&quot;classic&quot;}\">\n\t\t\t\t\t\t\t<div class=\"elementor-background-overlay\"><\/div>\n\t\t\t\t\t\t\t<div class=\"elementor-container elementor-column-gap-default\">\n\t\t\t\t\t<div class=\"elementor-column elementor-col-50 elementor-inner-column elementor-element elementor-element-b5a4b42\" data-id=\"b5a4b42\" data-element_type=\"column\" data-e-type=\"column\" data-settings=\"{&quot;background_background&quot;:&quot;classic&quot;}\">\n\t\t\t<div class=\"elementor-widget-wrap elementor-element-populated\">\n\t\t\t\t\t\t<div class=\"elementor-element elementor-element-5cd34eb elementor-invisible elementor-widget elementor-widget-text-editor\" data-id=\"5cd34eb\" data-element_type=\"widget\" data-e-type=\"widget\" data-settings=\"{&quot;_animation&quot;:&quot;fadeInLeft&quot;,&quot;_animation_delay&quot;:400}\" data-widget_type=\"text-editor.default\">\n\t\t\t\t\t\t\t\t\t<p>Facilite os pagamentos para os seus clientes! Deixe que paguem com o m\u00e9todo que preferirem, e n\u00f3s tratamos do resto.<\/p><p>A plataforma integra-se com sistemas POS e m\u00e9todos de pagamento j\u00e1 existentes, centralizando todas as opera\u00e7\u00f5es num \u00fanico interface f\u00e1cil de usar.<\/p><p>Poupe tempo e reduza erros, simplificando os processos operacionais.<\/p><p>Os pagamentos s\u00e3o transferidos diretamente para a sua conta banc\u00e1ria.<\/p><p>Apple Pay dispon\u00edvel!<\/p>\t\t\t\t\t\t\t\t<\/div>\n\t\t\t\t\t<\/div>\n\t\t<\/div>\n\t\t\t\t<div class=\"elementor-column elementor-col-50 elementor-inner-column elementor-element elementor-element-c7b989c\" data-id=\"c7b989c\" data-element_type=\"column\" data-e-type=\"column\">\n\t\t\t<div class=\"elementor-widget-wrap elementor-element-populated\">\n\t\t\t\t\t\t<div class=\"elementor-element elementor-element-6b23868 elementor-widget__width-initial elementor-widget elementor-widget-image\" data-id=\"6b23868\" data-element_type=\"widget\" data-e-type=\"widget\" data-widget_type=\"image.default\">\n\t\t\t\t\t\t\t\t\t\t\t\t\t\t\t<img loading=\"lazy\" decoding=\"async\" width=\"1282\" height=\"724\" src=\"https:\/\/cangujet.com\/wp-content\/uploads\/2025\/02\/Online-Ordering-Website-Payment-Parners.png\" class=\"attachment-full size-full wp-image-3989\" alt=\"\" srcset=\"https:\/\/cangujet.com\/wp-content\/uploads\/2025\/02\/Online-Ordering-Website-Payment-Parners.png 1282w, https:\/\/cangujet.com\/wp-content\/uploads\/2025\/02\/Online-Ordering-Website-Payment-Parners-300x169.png 300w, https:\/\/cangujet.com\/wp-content\/uploads\/2025\/02\/Online-Ordering-Website-Payment-Parners-1024x578.png 1024w, https:\/\/cangujet.com\/wp-content\/uploads\/2025\/02\/Online-Ordering-Website-Payment-Parners-768x434.png 768w\" sizes=\"(max-width: 1282px) 100vw, 1282px\" \/>\t\t\t\t\t\t\t\t\t\t\t\t\t\t\t<\/div>\n\t\t\t\t\t<\/div>\n\t\t<\/div>\n\t\t\t\t\t<\/div>\n\t\t<\/div>\n\t\t\t\t\t<\/div>\n\t\t<\/div>\n\t\t\t\t\t<\/div>\n\t\t<\/div>\n\t\t\t\t<div class=\"elementor-section elementor-top-section elementor-element elementor-element-8b9a8fc elementor-section-content-middle elementor-section-boxed elementor-section-height-default elementor-section-height-default\" data-id=\"8b9a8fc\" data-element_type=\"section\" data-e-type=\"section\" data-settings=\"{&quot;background_background&quot;:&quot;classic&quot;}\">\n\t\t\t\t\t\t\t<div class=\"elementor-background-overlay\"><\/div>\n\t\t\t\t\t\t\t<div class=\"elementor-container elementor-column-gap-no\">\n\t\t\t\t\t<div class=\"elementor-column elementor-col-100 elementor-top-column elementor-element elementor-element-38f8f7d\" data-id=\"38f8f7d\" data-element_type=\"column\" data-e-type=\"column\">\n\t\t\t<div class=\"elementor-widget-wrap elementor-element-populated\">\n\t\t\t\t\t\t<div class=\"elementor-element elementor-element-f802696 elementor-widget elementor-widget-heading\" data-id=\"f802696\" data-element_type=\"widget\" data-e-type=\"widget\" data-widget_type=\"heading.default\">\n\t\t\t\t\t<h2 class=\"elementor-heading-title elementor-size-default\">Gest\u00e3o Completa do Seu Restaurante Gerir encomendas takeaway, acompanhar vendas, gerir reservas e impulsionar o marketing\u2014tudo num \u00fanico lugar.\n<\/h2>\t\t\t\t<\/div>\n\t\t\t\t<div class=\"elementor-element elementor-element-39924c8 elementor-invisible elementor-widget elementor-widget-text-editor\" data-id=\"39924c8\" data-element_type=\"widget\" data-e-type=\"widget\" data-settings=\"{&quot;_animation&quot;:&quot;fadeInLeft&quot;,&quot;_animation_delay&quot;:400}\" data-widget_type=\"text-editor.default\">\n\t\t\t\t\t\t\t\t\t<p>Destaque-se da concorr\u00eancia com uma aplica\u00e7\u00e3o totalmente personaliz\u00e1vel, criada exclusivamente para o seu neg\u00f3cio.Sabe o qu\u00e3o f\u00e1cil \u00e9 configurar?<br \/>Comece a construir a sua presen\u00e7a online hoje mesmo enquanto aumenta os seus rendimentos!<\/p><p>\u00a0<\/p>\t\t\t\t\t\t\t\t<\/div>\n\t\t\t\t\t<\/div>\n\t\t<\/div>\n\t\t\t\t\t<\/div>\n\t\t<\/div>\n\t\t\t\t<div class=\"elementor-section elementor-top-section elementor-element elementor-element-522b3b7 elementor-section-boxed elementor-section-height-default elementor-section-height-default\" data-id=\"522b3b7\" data-element_type=\"section\" data-e-type=\"section\" data-settings=\"{&quot;background_background&quot;:&quot;classic&quot;}\">\n\t\t\t\t\t\t<div class=\"elementor-container elementor-column-gap-default\">\n\t\t\t\t\t<div class=\"elementor-column elementor-col-33 elementor-top-column elementor-element elementor-element-25b89fd\" data-id=\"25b89fd\" data-element_type=\"column\" data-e-type=\"column\">\n\t\t\t<div class=\"elementor-widget-wrap\">\n\t\t\t\t\t\t\t<\/div>\n\t\t<\/div>\n\t\t\t\t<div class=\"elementor-column elementor-col-33 elementor-top-column elementor-element elementor-element-7d79c9e\" data-id=\"7d79c9e\" data-element_type=\"column\" data-e-type=\"column\">\n\t\t\t<div class=\"elementor-widget-wrap elementor-element-populated\">\n\t\t\t\t\t\t<div class=\"elementor-element elementor-element-ddb1f01 elementor-widget elementor-widget-wp-widget-nav_menu\" data-id=\"ddb1f01\" data-element_type=\"widget\" data-e-type=\"widget\" data-widget_type=\"wp-widget-nav_menu.default\">\n\t\t\t\t<div class=\"elementor-widget-container\">\n\t\t\t\t\t<h5>Links \u00fateis<\/h5><div class=\"menu-links-uteis-container\"><ul id=\"menu-links-uteis\" class=\"menu\"><li id=\"menu-item-4447\" class=\"menu-item menu-item-type-custom menu-item-object-custom menu-item-4447\"><a href=\"https:\/\/cangujet.com\/index.php\/pt\/faq-pt\/\">FAQs<\/a><\/li>\n<li id=\"menu-item-4448\" class=\"menu-item menu-item-type-custom menu-item-object-custom menu-item-4448\"><a href=\"https:\/\/cangujet.com\/index.php\/pt\/blogue\/\">Blogue<\/a><\/li>\n<li id=\"menu-item-4449\" class=\"menu-item menu-item-type-custom menu-item-object-custom menu-item-4449\"><a href=\"https:\/\/cangujet.com\/index.php\/contact\/\">Fale Conosco<\/a><\/li>\n<li id=\"menu-item-4931\" class=\"menu-item menu-item-type-post_type menu-item-object-page menu-item-4931\"><a href=\"https:\/\/cangujet.com\/index.php\/pt\/footer-information-pt\/\">Informa\u00e7\u00f5es e banco<\/a><\/li>\n<\/ul><\/div>\t\t\t\t<\/div>\n\t\t\t\t<\/div>\n\t\t\t\t\t<\/div>\n\t\t<\/div>\n\t\t\t\t<div class=\"elementor-column elementor-col-33 elementor-top-column elementor-element elementor-element-9cc4932\" data-id=\"9cc4932\" data-element_type=\"column\" data-e-type=\"column\">\n\t\t\t<div class=\"elementor-widget-wrap elementor-element-populated\">\n\t\t\t\t\t\t<div class=\"elementor-element elementor-element-63ccc25 elementor-widget elementor-widget-wp-widget-nav_menu\" data-id=\"63ccc25\" data-element_type=\"widget\" data-e-type=\"widget\" data-widget_type=\"wp-widget-nav_menu.default\">\n\t\t\t\t<div class=\"elementor-widget-container\">\n\t\t\t\t\t<h5>Suporte<\/h5><div class=\"menu-suporte-container\"><ul id=\"menu-suporte\" class=\"menu\"><li id=\"menu-item-4442\" class=\"menu-item menu-item-type-custom menu-item-object-custom menu-item-4442\"><a href=\"https:\/\/cangujet.com\/index.php\/privacy-policy-2\/\">Pol\u00edtica de Privacidade<\/a><\/li>\n<li id=\"menu-item-4443\" class=\"menu-item menu-item-type-custom menu-item-object-custom menu-item-4443\"><a href=\"https:\/\/cangujet.com\/index.php\/terms-of-use-2\">Termos de\u00a0Uso<\/a><\/li>\n<li id=\"menu-item-4444\" class=\"menu-item menu-item-type-custom menu-item-object-custom menu-item-4444\"><a href=\"https:\/\/cangujet.com\/index.php\/requirements\/\">Requisitos<\/a><\/li>\n<li id=\"menu-item-4949\" class=\"menu-item menu-item-type-post_type menu-item-object-page menu-item-4949\"><a href=\"https:\/\/cangujet.com\/index.php\/pt\/footer-information-pt\/\">Informa\u00e7\u00f5es e banco<\/a><\/li>\n<\/ul><\/div>\t\t\t\t<\/div>\n\t\t\t\t<\/div>\n\t\t\t\t\t<\/div>\n\t\t<\/div>\n\t\t\t\t\t<\/div>\n\t\t<\/div>\n\t\t\t\t<\/div>\n\t\t","protected":false},"excerpt":{"rendered":"<p>< P\u00c1GINA INICIAL A Presen\u00e7a Online do Seu Restaurante! Receba e administre pedidos de mesa e takeaway sem complica\u00e7\u00f5es! Est\u00e1 na altura de eliminar as taxas de terceiros\u2014deixe que os clientes fa\u00e7am os pedidos diretamente consigo! Com a sua pr\u00f3pria...\n<\/p>\n","protected":false},"author":1,"featured_media":0,"parent":0,"menu_order":0,"comment_status":"closed","ping_status":"closed","template":"elementor_header_footer","meta":{"footnotes":""},"class_list":["post-3997","page","type-page","status-publish","hentry"],"_links":{"self":[{"href":"https:\/\/cangujet.com\/index.php\/wp-json\/wp\/v2\/pages\/3997","targetHints":{"allow":["GET"]}}],"collection":[{"href":"https:\/\/cangujet.com\/index.php\/wp-json\/wp\/v2\/pages"}],"about":[{"href":"https:\/\/cangujet.com\/index.php\/wp-json\/wp\/v2\/types\/page"}],"author":[{"embeddable":true,"href":"https:\/\/cangujet.com\/index.php\/wp-json\/wp\/v2\/users\/1"}],"replies":[{"embeddable":true,"href":"https:\/\/cangujet.com\/index.php\/wp-json\/wp\/v2\/comments?post=3997"}],"version-history":[{"count":27,"href":"https:\/\/cangujet.com\/index.php\/wp-json\/wp\/v2\/pages\/3997\/revisions"}],"predecessor-version":[{"id":4495,"href":"https:\/\/cangujet.com\/index.php\/wp-json\/wp\/v2\/pages\/3997\/revisions\/4495"}],"wp:attachment":[{"href":"https:\/\/cangujet.com\/index.php\/wp-json\/wp\/v2\/media?parent=3997"}],"curies":[{"name":"wp","href":"https:\/\/api.w.org\/{rel}","templated":true}]}}