{"id":362,"date":"2018-10-21T05:16:02","date_gmt":"2018-10-21T05:16:02","guid":{"rendered":"https:\/\/jthemes.net\/themes\/wp\/xooapp\/?page_id=362"},"modified":"2025-03-20T17:34:01","modified_gmt":"2025-03-20T17:34:01","slug":"table-ordering-system-pt","status":"publish","type":"page","link":"https:\/\/cangujet.com\/index.php\/table-ordering-system-pt\/","title":{"rendered":"Table Ordering System PT"},"content":{"rendered":"\t\t<div data-elementor-type=\"wp-post\" data-elementor-id=\"362\" class=\"elementor elementor-362\" data-elementor-post-type=\"page\">\n\t\t\t\t\t\t<div class=\"elementor-section elementor-top-section elementor-element elementor-element-45850d78 elementor-section-full_width elementor-section-content-middle elementor-section-height-default elementor-section-height-default\" data-id=\"45850d78\" data-element_type=\"section\" data-e-type=\"section\">\n\t\t\t\t\t\t<div class=\"elementor-container elementor-column-gap-no\">\n\t\t\t\t\t<div class=\"elementor-column elementor-col-100 elementor-top-column elementor-element elementor-element-5b7055b9\" data-id=\"5b7055b9\" data-element_type=\"column\" data-e-type=\"column\">\n\t\t\t<div class=\"elementor-widget-wrap elementor-element-populated\">\n\t\t\t\t<div class=\"elementor-element elementor-element-4db491d e-flex e-con-boxed e-con e-parent\" data-id=\"4db491d\" data-element_type=\"container\" data-e-type=\"container\">\n\t\t\t\t\t<div class=\"e-con-inner\">\n\t\t<div class=\"elementor-element elementor-element-2b16635 e-con-full e-flex e-con e-child\" data-id=\"2b16635\" data-element_type=\"container\" data-e-type=\"container\">\n\t\t\t\t<div class=\"elementor-element elementor-element-897badd elementor-widget elementor-widget-button\" data-id=\"897badd\" data-element_type=\"widget\" data-e-type=\"widget\" data-widget_type=\"button.default\">\n\t\t\t\t\t\t\t\t\t\t<a class=\"elementor-button elementor-button-link elementor-size-sm\" href=\"https:\/\/cangujet.com\/index.php\/pt\/home-pt\/\">\n\t\t\t\t\t\t<span class=\"elementor-button-content-wrapper\">\n\t\t\t\t\t\t\t\t\t<span class=\"elementor-button-text\">&lt; P\u00c1GINA INICIAL<\/span>\n\t\t\t\t\t<\/span>\n\t\t\t\t\t<\/a>\n\t\t\t\t\t\t\t\t<\/div>\n\t\t\t\t<\/div>\n\t\t\t\t\t<\/div>\n\t\t\t\t<\/div>\n\t\t\t\t\t<\/div>\n\t\t<\/div>\n\t\t\t\t\t<\/div>\n\t\t<\/div>\n\t\t\t\t<div class=\"elementor-section elementor-top-section elementor-element elementor-element-a1138b2 elementor-section-content-middle elementor-section-boxed elementor-section-height-default elementor-section-height-default\" data-id=\"a1138b2\" data-element_type=\"section\" data-e-type=\"section\" data-settings=\"{&quot;background_background&quot;:&quot;classic&quot;}\">\n\t\t\t\t\t\t<div class=\"elementor-container elementor-column-gap-no\">\n\t\t\t\t\t<div class=\"elementor-column elementor-col-100 elementor-top-column elementor-element elementor-element-0d31c99\" data-id=\"0d31c99\" data-element_type=\"column\" data-e-type=\"column\">\n\t\t\t<div class=\"elementor-widget-wrap elementor-element-populated\">\n\t\t\t\t\t\t<div class=\"elementor-section elementor-inner-section elementor-element elementor-element-3ccc9b9 elementor-section-content-middle elementor-section-boxed elementor-section-height-default elementor-section-height-default\" data-id=\"3ccc9b9\" data-element_type=\"section\" data-e-type=\"section\">\n\t\t\t\t\t\t<div class=\"elementor-container elementor-column-gap-no\">\n\t\t\t\t\t<div class=\"elementor-column elementor-col-50 elementor-inner-column elementor-element elementor-element-851c4f5\" data-id=\"851c4f5\" data-element_type=\"column\" data-e-type=\"column\">\n\t\t\t<div class=\"elementor-widget-wrap elementor-element-populated\">\n\t\t\t\t\t\t<div class=\"elementor-element elementor-element-dc18a4f elementor-invisible elementor-widget elementor-widget-text-editor\" data-id=\"dc18a4f\" data-element_type=\"widget\" data-e-type=\"widget\" data-settings=\"{&quot;_animation&quot;:&quot;fadeInLeft&quot;,&quot;_animation_delay&quot;:400}\" data-widget_type=\"text-editor.default\">\n\t\t\t\t\t\t\t\t\t<ul><li>Permita que os clientes fa\u00e7am pedidos diretamente da mesa, sem esperar por um funcion\u00e1rio.<\/li><li>Evite custos com menus impressos, optando por um menu digital.<\/li><li>Colete e acompanhe dados dos clientes para melhorar o servi\u00e7o e estrat\u00e9gias de marketing.<\/li><li>Ofere\u00e7a m\u00faltiplas op\u00e7\u00f5es de idioma para atender clientes internacionais.<\/li><\/ul>\t\t\t\t\t\t\t\t<\/div>\n\t\t\t\t\t<\/div>\n\t\t<\/div>\n\t\t\t\t<div class=\"elementor-column elementor-col-50 elementor-inner-column elementor-element elementor-element-f8d603f\" data-id=\"f8d603f\" data-element_type=\"column\" data-e-type=\"column\">\n\t\t\t<div class=\"elementor-widget-wrap elementor-element-populated\">\n\t\t\t\t\t\t<div class=\"elementor-element elementor-element-7df87f6 elementor-invisible elementor-widget elementor-widget-image\" data-id=\"7df87f6\" data-element_type=\"widget\" data-e-type=\"widget\" data-settings=\"{&quot;_animation&quot;:&quot;fadeInRight&quot;,&quot;_animation_delay&quot;:500}\" data-widget_type=\"image.default\">\n\t\t\t\t\t\t\t\t\t\t\t\t\t\t\t<img fetchpriority=\"high\" decoding=\"async\" width=\"640\" height=\"478\" src=\"https:\/\/cangujet.com\/wp-content\/uploads\/2025\/02\/QR-Ordering-System-Restaurants-1024x765.png\" class=\"attachment-large size-large wp-image-3450\" alt=\"\" srcset=\"https:\/\/cangujet.com\/wp-content\/uploads\/2025\/02\/QR-Ordering-System-Restaurants-1024x765.png 1024w, https:\/\/cangujet.com\/wp-content\/uploads\/2025\/02\/QR-Ordering-System-Restaurants-300x224.png 300w, https:\/\/cangujet.com\/wp-content\/uploads\/2025\/02\/QR-Ordering-System-Restaurants-768x574.png 768w, https:\/\/cangujet.com\/wp-content\/uploads\/2025\/02\/QR-Ordering-System-Restaurants.png 1370w\" sizes=\"(max-width: 640px) 100vw, 640px\" \/>\t\t\t\t\t\t\t\t\t\t\t\t\t\t\t<\/div>\n\t\t\t\t\t<\/div>\n\t\t<\/div>\n\t\t\t\t\t<\/div>\n\t\t<\/div>\n\t\t\t\t\t<\/div>\n\t\t<\/div>\n\t\t\t\t\t<\/div>\n\t\t<\/div>\n\t\t<div class=\"elementor-element elementor-element-001be45 e-flex e-con-boxed e-con e-parent\" data-id=\"001be45\" data-element_type=\"container\" data-e-type=\"container\">\n\t\t\t\t\t<div class=\"e-con-inner\">\n\t\t<div class=\"elementor-element elementor-element-ff0b9e1 e-grid e-con-full e-con e-child\" data-id=\"ff0b9e1\" data-element_type=\"container\" data-e-type=\"container\">\n\t\t\t\t<div class=\"elementor-element elementor-element-644f818 elementor-position-top elementor-widget elementor-widget-image-box\" data-id=\"644f818\" data-element_type=\"widget\" data-e-type=\"widget\" data-widget_type=\"image-box.default\">\n\t\t\t\t\t<div class=\"elementor-image-box-wrapper\"><figure class=\"elementor-image-box-img\"><img decoding=\"async\" width=\"50\" height=\"50\" src=\"https:\/\/cangujet.com\/wp-content\/uploads\/2025\/01\/customer.svg\" class=\"attachment-full size-full wp-image-3279\" alt=\"\" \/><\/figure><div class=\"elementor-image-box-content\"><h3 class=\"elementor-image-box-title\">Reduza Custos com Funcion\u00e1rios<\/h3><p class=\"elementor-image-box-description\">Minimize falhas de comunica\u00e7\u00e3o entre clientes e funcion\u00e1rios, aumentando a satisfa\u00e7\u00e3o dos clientes. Liberte a equipa para focar-se em oferecer um servi\u00e7o de qualidade, sem necessidade de gerir pedidos manualmente.<\/p><\/div><\/div>\t\t\t\t<\/div>\n\t\t\t\t<div class=\"elementor-element elementor-element-23023ee elementor-position-top elementor-widget elementor-widget-image-box\" data-id=\"23023ee\" data-element_type=\"widget\" data-e-type=\"widget\" data-widget_type=\"image-box.default\">\n\t\t\t\t\t<div class=\"elementor-image-box-wrapper\"><figure class=\"elementor-image-box-img\"><img decoding=\"async\" width=\"50\" height=\"50\" src=\"https:\/\/cangujet.com\/wp-content\/uploads\/2025\/01\/resume.svg\" class=\"attachment-full size-full wp-image-3295\" alt=\"\" \/><\/figure><div class=\"elementor-image-box-content\"><h3 class=\"elementor-image-box-title\">Obtenha Dados dos Clientes<\/h3><p class=\"elementor-image-box-description\">Gra\u00e7as ao nosso sistema de pedidos na mesa, pode recolher e gerir facilmente informa\u00e7\u00f5es sobre os clientes. Utilize esses dados para contact\u00e1-los com novas promo\u00e7\u00f5es e produtos.\n\n<\/p><\/div><\/div>\t\t\t\t<\/div>\n\t\t\t\t<div class=\"elementor-element elementor-element-5585f82 elementor-position-top elementor-widget elementor-widget-image-box\" data-id=\"5585f82\" data-element_type=\"widget\" data-e-type=\"widget\" data-widget_type=\"image-box.default\">\n\t\t\t\t\t<div class=\"elementor-image-box-wrapper\"><figure class=\"elementor-image-box-img\"><img loading=\"lazy\" decoding=\"async\" width=\"45\" height=\"50\" src=\"https:\/\/cangujet.com\/wp-content\/uploads\/2025\/01\/restrarent-management.svg\" class=\"attachment-full size-full wp-image-3294\" alt=\"\" \/><\/figure><div class=\"elementor-image-box-content\"><h3 class=\"elementor-image-box-title\">Aumente a Taxa de Recompras<\/h3><p class=\"elementor-image-box-description\">O nosso sistema de pedidos na mesa melhora a satisfa\u00e7\u00e3o do cliente e aumenta as recompras. Elimine longos tempos de espera e proporcione uma experi\u00eancia mais eficiente e agrad\u00e1vel.<\/p><\/div><\/div>\t\t\t\t<\/div>\n\t\t\t\t<\/div>\n\t\t\t\t\t<\/div>\n\t\t\t\t<\/div>\n\t\t\t\t<div class=\"elementor-section elementor-top-section elementor-element elementor-element-12b74b51 elementor-section-boxed elementor-section-height-default elementor-section-height-default\" data-id=\"12b74b51\" data-element_type=\"section\" data-e-type=\"section\" id=\"features\">\n\t\t\t\t\t\t<div class=\"elementor-container elementor-column-gap-default\">\n\t\t\t\t\t<div class=\"elementor-column elementor-col-100 elementor-top-column elementor-element elementor-element-75325884\" data-id=\"75325884\" data-element_type=\"column\" data-e-type=\"column\">\n\t\t\t<div class=\"elementor-widget-wrap\">\n\t\t\t\t\t\t\t<\/div>\n\t\t<\/div>\n\t\t\t\t\t<\/div>\n\t\t<\/div>\n\t\t\t\t<div class=\"elementor-section elementor-top-section elementor-element elementor-element-2f020dc elementor-section-content-middle elementor-section-boxed elementor-section-height-default elementor-section-height-default\" data-id=\"2f020dc\" data-element_type=\"section\" data-e-type=\"section\">\n\t\t\t\t\t\t<div class=\"elementor-container elementor-column-gap-default\">\n\t\t\t\t\t<div class=\"elementor-column elementor-col-100 elementor-top-column elementor-element elementor-element-9d238f6\" data-id=\"9d238f6\" data-element_type=\"column\" data-e-type=\"column\">\n\t\t\t<div class=\"elementor-widget-wrap elementor-element-populated\">\n\t\t\t\t\t\t<div class=\"elementor-section elementor-inner-section elementor-element elementor-element-1f5ae76 elementor-section-content-middle elementor-section-boxed elementor-section-height-default elementor-section-height-default\" data-id=\"1f5ae76\" data-element_type=\"section\" data-e-type=\"section\">\n\t\t\t\t\t\t<div class=\"elementor-container elementor-column-gap-default\">\n\t\t\t\t\t<div class=\"elementor-column elementor-col-50 elementor-inner-column elementor-element elementor-element-5e7f3cd\" data-id=\"5e7f3cd\" data-element_type=\"column\" data-e-type=\"column\">\n\t\t\t<div class=\"elementor-widget-wrap elementor-element-populated\">\n\t\t\t\t\t\t<div class=\"elementor-element elementor-element-2c2329a elementor-invisible elementor-widget elementor-widget-image\" data-id=\"2c2329a\" data-element_type=\"widget\" data-e-type=\"widget\" data-settings=\"{&quot;_animation&quot;:&quot;fadeInLeft&quot;}\" data-widget_type=\"image.default\">\n\t\t\t\t\t\t\t\t\t\t\t\t\t\t\t<img loading=\"lazy\" decoding=\"async\" width=\"478\" height=\"566\" src=\"https:\/\/cangujet.com\/wp-content\/uploads\/2025\/02\/16639474351660742715hotelqrcodescan.png\" class=\"attachment-large size-large wp-image-3456\" alt=\"\" srcset=\"https:\/\/cangujet.com\/wp-content\/uploads\/2025\/02\/16639474351660742715hotelqrcodescan.png 478w, https:\/\/cangujet.com\/wp-content\/uploads\/2025\/02\/16639474351660742715hotelqrcodescan-253x300.png 253w\" sizes=\"(max-width: 478px) 100vw, 478px\" \/>\t\t\t\t\t\t\t\t\t\t\t\t\t\t\t<\/div>\n\t\t\t\t\t<\/div>\n\t\t<\/div>\n\t\t\t\t<div class=\"elementor-column elementor-col-50 elementor-inner-column elementor-element elementor-element-61609b2\" data-id=\"61609b2\" data-element_type=\"column\" data-e-type=\"column\">\n\t\t\t<div class=\"elementor-widget-wrap elementor-element-populated\">\n\t\t\t\t\t\t<div class=\"elementor-element elementor-element-3db0098 elementor-widget elementor-widget-text-editor\" data-id=\"3db0098\" data-element_type=\"widget\" data-e-type=\"widget\" data-widget_type=\"text-editor.default\">\n\t\t\t\t\t\t\t\t\t<ul><li>Solu\u00e7\u00e3o moderna e sem contacto para pedidos no restaurante.<\/li><li>Integra\u00e7\u00e3o com m\u00faltiplas op\u00e7\u00f5es de pagamento, garantindo checkouts r\u00e1pidos e seguros.<\/li><li>Rastreamento de pedidos em tempo real e notifica\u00e7\u00f5es autom\u00e1ticas para a cozinha.<\/li><li>Oportunidades de venda adicional com sugest\u00f5es personalizadas no menu digital.<\/li><li>Op\u00e7\u00e3o de marca\u00e7\u00e3o de alerg\u00e9nios, permitindo que os clientes personalizem pedidos com seguran\u00e7a.<\/li><\/ul>\t\t\t\t\t\t\t\t<\/div>\n\t\t\t\t\t<\/div>\n\t\t<\/div>\n\t\t\t\t\t<\/div>\n\t\t<\/div>\n\t\t\t\t\t<\/div>\n\t\t<\/div>\n\t\t\t\t\t<\/div>\n\t\t<\/div>\n\t\t\t\t<div class=\"elementor-section elementor-top-section elementor-element elementor-element-200490c elementor-section-boxed elementor-section-height-default elementor-section-height-default\" data-id=\"200490c\" data-element_type=\"section\" data-e-type=\"section\">\n\t\t\t\t\t\t\t<div class=\"elementor-background-overlay\"><\/div>\n\t\t\t\t\t\t\t<div class=\"elementor-container elementor-column-gap-no\">\n\t\t\t\t\t<div class=\"elementor-column elementor-col-100 elementor-top-column elementor-element elementor-element-a488ca9\" data-id=\"a488ca9\" data-element_type=\"column\" data-e-type=\"column\">\n\t\t\t<div class=\"elementor-widget-wrap elementor-element-populated\">\n\t\t\t\t\t\t<div class=\"elementor-section elementor-inner-section elementor-element elementor-element-b932026 elementor-section-content-middle elementor-section-boxed elementor-section-height-default elementor-section-height-default\" data-id=\"b932026\" data-element_type=\"section\" data-e-type=\"section\" data-settings=\"{&quot;background_background&quot;:&quot;classic&quot;}\">\n\t\t\t\t\t\t<div class=\"elementor-container elementor-column-gap-no\">\n\t\t\t\t\t<div class=\"elementor-column elementor-col-50 elementor-inner-column elementor-element elementor-element-79ae612\" data-id=\"79ae612\" data-element_type=\"column\" data-e-type=\"column\">\n\t\t\t<div class=\"elementor-widget-wrap elementor-element-populated\">\n\t\t\t\t\t\t<div class=\"elementor-element elementor-element-0b2d3b3 elementor-widget elementor-widget-text-editor\" data-id=\"0b2d3b3\" data-element_type=\"widget\" data-e-type=\"widget\" data-widget_type=\"text-editor.default\">\n\t\t\t\t\t\t\t\t\t<ul><li>Menus digitais baseados em c\u00f3digo QR para facilitar a navega\u00e7\u00e3o e os pedidos.<\/li><li>Economize tempo fornecendo um c\u00f3digo QR aos seus clientes.<\/li><li>Aumente a velocidade e a efici\u00eancia do processo de pedidos.<\/li><\/ul>\t\t\t\t\t\t\t\t<\/div>\n\t\t\t\t\t<\/div>\n\t\t<\/div>\n\t\t\t\t<div class=\"elementor-column elementor-col-50 elementor-inner-column elementor-element elementor-element-21f6fca\" data-id=\"21f6fca\" data-element_type=\"column\" data-e-type=\"column\">\n\t\t\t<div class=\"elementor-widget-wrap elementor-element-populated\">\n\t\t\t\t\t\t<div class=\"elementor-element elementor-element-0e484d6 elementor-invisible elementor-widget elementor-widget-image\" data-id=\"0e484d6\" data-element_type=\"widget\" data-e-type=\"widget\" data-settings=\"{&quot;_animation&quot;:&quot;fadeInLeft&quot;}\" data-widget_type=\"image.default\">\n\t\t\t\t\t\t\t\t\t\t\t\t\t\t\t<img loading=\"lazy\" decoding=\"async\" width=\"640\" height=\"724\" src=\"https:\/\/cangujet.com\/wp-content\/uploads\/2025\/02\/QROrderingiPhonewNeweditableInterface-1920w-905x1024.webp\" class=\"attachment-large size-large wp-image-3454\" alt=\"\" srcset=\"https:\/\/cangujet.com\/wp-content\/uploads\/2025\/02\/QROrderingiPhonewNeweditableInterface-1920w-905x1024.webp 905w, https:\/\/cangujet.com\/wp-content\/uploads\/2025\/02\/QROrderingiPhonewNeweditableInterface-1920w-265x300.webp 265w, https:\/\/cangujet.com\/wp-content\/uploads\/2025\/02\/QROrderingiPhonewNeweditableInterface-1920w-768x869.webp 768w, https:\/\/cangujet.com\/wp-content\/uploads\/2025\/02\/QROrderingiPhonewNeweditableInterface-1920w-1357x1536.webp 1357w, https:\/\/cangujet.com\/wp-content\/uploads\/2025\/02\/QROrderingiPhonewNeweditableInterface-1920w-1810x2048.webp 1810w, https:\/\/cangujet.com\/wp-content\/uploads\/2025\/02\/QROrderingiPhonewNeweditableInterface-1920w.webp 1920w\" sizes=\"(max-width: 640px) 100vw, 640px\" \/>\t\t\t\t\t\t\t\t\t\t\t\t\t\t\t<\/div>\n\t\t\t\t\t<\/div>\n\t\t<\/div>\n\t\t\t\t\t<\/div>\n\t\t<\/div>\n\t\t\t\t\t<\/div>\n\t\t<\/div>\n\t\t\t\t\t<\/div>\n\t\t<\/div>\n\t\t\t\t<div class=\"elementor-section elementor-top-section elementor-element elementor-element-fa60b45 elementor-section-boxed elementor-section-height-default elementor-section-height-default\" data-id=\"fa60b45\" data-element_type=\"section\" data-e-type=\"section\" data-settings=\"{&quot;background_background&quot;:&quot;classic&quot;}\">\n\t\t\t\t\t\t<div class=\"elementor-container elementor-column-gap-default\">\n\t\t\t\t\t<div class=\"elementor-column elementor-col-33 elementor-top-column elementor-element elementor-element-bd5957c\" data-id=\"bd5957c\" data-element_type=\"column\" data-e-type=\"column\">\n\t\t\t<div class=\"elementor-widget-wrap\">\n\t\t\t\t\t\t\t<\/div>\n\t\t<\/div>\n\t\t\t\t<div class=\"elementor-column elementor-col-33 elementor-top-column elementor-element elementor-element-7f40c12\" data-id=\"7f40c12\" data-element_type=\"column\" data-e-type=\"column\">\n\t\t\t<div class=\"elementor-widget-wrap elementor-element-populated\">\n\t\t\t\t\t\t<div class=\"elementor-element elementor-element-9b01c56 elementor-widget elementor-widget-wp-widget-nav_menu\" data-id=\"9b01c56\" data-element_type=\"widget\" data-e-type=\"widget\" data-widget_type=\"wp-widget-nav_menu.default\">\n\t\t\t\t<div class=\"elementor-widget-container\">\n\t\t\t\t\t<h5>Links \u00fateis<\/h5><div class=\"menu-links-uteis-container\"><ul id=\"menu-links-uteis\" class=\"menu\"><li id=\"menu-item-4447\" class=\"menu-item menu-item-type-custom menu-item-object-custom menu-item-4447\"><a href=\"https:\/\/cangujet.com\/index.php\/pt\/faq-pt\/\">FAQs<\/a><\/li>\n<li id=\"menu-item-4448\" class=\"menu-item menu-item-type-custom menu-item-object-custom menu-item-4448\"><a href=\"https:\/\/cangujet.com\/index.php\/pt\/blogue\/\">Blogue<\/a><\/li>\n<li id=\"menu-item-4449\" class=\"menu-item menu-item-type-custom menu-item-object-custom menu-item-4449\"><a href=\"https:\/\/cangujet.com\/index.php\/contact\/\">Fale Conosco<\/a><\/li>\n<li id=\"menu-item-4931\" class=\"menu-item menu-item-type-post_type menu-item-object-page menu-item-4931\"><a href=\"https:\/\/cangujet.com\/index.php\/pt\/footer-information-pt\/\">Informa\u00e7\u00f5es e banco<\/a><\/li>\n<\/ul><\/div>\t\t\t\t<\/div>\n\t\t\t\t<\/div>\n\t\t\t\t\t<\/div>\n\t\t<\/div>\n\t\t\t\t<div class=\"elementor-column elementor-col-33 elementor-top-column elementor-element elementor-element-f8a820f\" data-id=\"f8a820f\" data-element_type=\"column\" data-e-type=\"column\">\n\t\t\t<div class=\"elementor-widget-wrap elementor-element-populated\">\n\t\t\t\t\t\t<div class=\"elementor-element elementor-element-3da8a3b elementor-widget elementor-widget-wp-widget-nav_menu\" data-id=\"3da8a3b\" data-element_type=\"widget\" data-e-type=\"widget\" data-widget_type=\"wp-widget-nav_menu.default\">\n\t\t\t\t<div class=\"elementor-widget-container\">\n\t\t\t\t\t<h5>Suporte<\/h5><div class=\"menu-suporte-container\"><ul id=\"menu-suporte\" class=\"menu\"><li id=\"menu-item-4442\" class=\"menu-item menu-item-type-custom menu-item-object-custom menu-item-4442\"><a href=\"https:\/\/cangujet.com\/index.php\/privacy-policy-2\/\">Pol\u00edtica de Privacidade<\/a><\/li>\n<li id=\"menu-item-4443\" class=\"menu-item menu-item-type-custom menu-item-object-custom menu-item-4443\"><a href=\"https:\/\/cangujet.com\/index.php\/terms-of-use-2\">Termos de\u00a0Uso<\/a><\/li>\n<li id=\"menu-item-4444\" class=\"menu-item menu-item-type-custom menu-item-object-custom menu-item-4444\"><a href=\"https:\/\/cangujet.com\/index.php\/requirements\/\">Requisitos<\/a><\/li>\n<li id=\"menu-item-4949\" class=\"menu-item menu-item-type-post_type menu-item-object-page menu-item-4949\"><a href=\"https:\/\/cangujet.com\/index.php\/pt\/footer-information-pt\/\">Informa\u00e7\u00f5es e banco<\/a><\/li>\n<\/ul><\/div>\t\t\t\t<\/div>\n\t\t\t\t<\/div>\n\t\t\t\t\t<\/div>\n\t\t<\/div>\n\t\t\t\t\t<\/div>\n\t\t<\/div>\n\t\t\t\t<\/div>\n\t\t","protected":false},"excerpt":{"rendered":"<p>< P\u00c1GINA INICIAL Sistema de Pedidos na Mesa Veja como o nosso sistema de pedidos na mesa pode transformar o seu restaurante! Permita que os clientes fa\u00e7am pedidos diretamente da mesa, sem esperar por um funcion\u00e1rio. Evite custos com menus...\n<\/p>\n","protected":false},"author":1,"featured_media":0,"parent":0,"menu_order":0,"comment_status":"closed","ping_status":"closed","template":"elementor_header_footer","meta":{"footnotes":""},"class_list":["post-362","page","type-page","status-publish","hentry"],"_links":{"self":[{"href":"https:\/\/cangujet.com\/index.php\/wp-json\/wp\/v2\/pages\/362","targetHints":{"allow":["GET"]}}],"collection":[{"href":"https:\/\/cangujet.com\/index.php\/wp-json\/wp\/v2\/pages"}],"about":[{"href":"https:\/\/cangujet.com\/index.php\/wp-json\/wp\/v2\/types\/page"}],"author":[{"embeddable":true,"href":"https:\/\/cangujet.com\/index.php\/wp-json\/wp\/v2\/users\/1"}],"replies":[{"embeddable":true,"href":"https:\/\/cangujet.com\/index.php\/wp-json\/wp\/v2\/comments?post=362"}],"version-history":[{"count":59,"href":"https:\/\/cangujet.com\/index.php\/wp-json\/wp\/v2\/pages\/362\/revisions"}],"predecessor-version":[{"id":4492,"href":"https:\/\/cangujet.com\/index.php\/wp-json\/wp\/v2\/pages\/362\/revisions\/4492"}],"wp:attachment":[{"href":"https:\/\/cangujet.com\/index.php\/wp-json\/wp\/v2\/media?parent=362"}],"curies":[{"name":"wp","href":"https:\/\/api.w.org\/{rel}","templated":true}]}}